{"id":74,"date":"2016-08-26T07:07:25","date_gmt":"2016-08-26T07:07:25","guid":{"rendered":"http:\/\/www.wp.xn--leinarptaket-zcb.se\/?page_id=74"},"modified":"2016-10-07T12:50:29","modified_gmt":"2016-10-07T12:50:29","slug":"referenser","status":"publish","type":"page","link":"https:\/\/leinarpataket.se\/?page_id=74","title":{"rendered":"Referenser"},"content":{"rendered":"<div id=\"pl-74\"  class=\"panel-layout\" ><div id=\"pg-74-0\"  class=\"panel-grid panel-has-style\" ><div class=\"siteorigin-panels-stretch panel-row-style panel-row-style-for-74-0\" style=\"padding-top: 30px; padding-bottom: 20px; \" data-stretch-type=\"full\" ><div id=\"pgc-74-0-0\"  class=\"panel-grid-cell\" ><div id=\"panel-74-0-0-0\" class=\"so-panel widget widget_black-studio-tinymce widget_black_studio_tinymce panel-first-child panel-last-child\" data-index=\"0\" ><div class=\"panel-widget-style panel-widget-style-for-74-0-0-0\" ><div class=\"textwidget\"><p style=\"text-align: center;\"><strong>Klicka p\u00e5 referensbilderna nedan f\u00f6r att se mer<\/strong><\/p>\n<\/div><\/div><\/div><\/div><\/div><\/div><div id=\"pg-74-1\"  class=\"panel-grid panel-has-style\" ><div class=\"siteorigin-panels-stretch parallax-section row-69eeeaddeef95 panel-row-style panel-row-style-for-74-1\" style=\"background-image: url(1098);padding-bottom: 10px; \" data-stretch-type=\"full\" data-smooth-scrolling=\"off\" data-scroll-speed=\"1.5\" data-parallax-image=\"1098\" data-parallax-id=\".row-69eeeaddeef95\" ><div id=\"pgc-74-1-0\"  class=\"panel-grid-cell\" ><div id=\"panel-74-1-0-0\" class=\"so-panel widget widget_ttrust_portfolio create-portfolio panel-first-child panel-last-child\" data-index=\"1\" ><div class=\"panel-widget-style panel-widget-style-for-74-1-0-0\" >\t\t\t\n\t\t\t\t<div class=\"projects rows-with-gutter col-2\">\n\t\t\t\t\n\t\t\t\t\t\t\n\t\t\t\t\n\t\t\t\t\t<div class=\"thumbs clearfix\">\n\t\t\t\t\t\t<div class=\"grid-sizer\"><\/div>\t\t\t\t\t\t\n\t\t\t\t\t\t\n\t\t\t\t\t<div class=\"project small  effect-1 \" id=\"project-265\">\n\t\t\t\t\t\t<div class=\"inside\">\n\t\t\t\t\t\t\t\n\t\t\t\t\t\t\t<div class=\"details \" style=\"border-color: #262626;\">\n\t\t\t\t\t\t\t\t<div class=\"text\">\n\t\t\t\t\t\t\t\t\n\t\t\t\t\t\t\t\t<div class=\"title\" >\n\t\t\t\t\t\t\t\t\t<h3 class=\"entry-title\" style=\"color: #262626!important;\">R\u00e5dav\u00e4gen<\/h3>\n\t\t\t\t\t\t\t\t<\/div>\n\t\t\t\t\t\t\t\t\n\t\t\t\t\t\t\t\t\t\t\t\t\t\t\t\t\n\t\t\t\t\t\t\t\t<\/div>\n\t\t\t\t\t\t\t<\/div>\n\n\t\t\t\t\t\t\t<div class=\"overlay\" style=\"background-color: #ffbf31;\"><\/div>\n\t\t\t\t\t\t\t\n\t\t\t\t\t\t\t\t\t\t\t\t\t\t\t<a href=\"https:\/\/leinarpataket.se\/?project=radavagen\" alt=\"R\u00e5dav\u00e4gen\"><\/a>\n\t\t\t\t\t\t\t\t\t\t\t\t\t<img loading=\"lazy\" decoding=\"async\" width=\"640\" height=\"427\" src=\"https:\/\/leinarpataket.se\/wp-content\/uploads\/2016\/10\/radathumb.jpg\" class=\" wp-post-image\" alt=\"R\u00e5dav\u00e4gen\" title=\"R\u00e5dav\u00e4gen\" srcset=\"https:\/\/leinarpataket.se\/wp-content\/uploads\/2016\/10\/radathumb.jpg 640w, https:\/\/leinarpataket.se\/wp-content\/uploads\/2016\/10\/radathumb-300x200.jpg 300w, https:\/\/leinarpataket.se\/wp-content\/uploads\/2016\/10\/radathumb-272x182.jpg 272w\" sizes=\"(max-width: 640px) 100vw, 640px\" \/>\n\t\t\t\t\t\t\n\n\t\t\t\t\t\t\n\t\t\t\t\t\t<\/div>\n\t\t\t\t\t<\/div><!-- #post->ID -->\n\t\t\t\t\t\t\n\t\t\t\t\t<div class=\"project small  effect-1 \" id=\"project-260\">\n\t\t\t\t\t\t<div class=\"inside\">\n\t\t\t\t\t\t\t\n\t\t\t\t\t\t\t<div class=\"details \" style=\"border-color: #262626;\">\n\t\t\t\t\t\t\t\t<div class=\"text\">\n\t\t\t\t\t\t\t\t\n\t\t\t\t\t\t\t\t<div class=\"title\" >\n\t\t\t\t\t\t\t\t\t<h3 class=\"entry-title\" style=\"color: #262626!important;\">Fridhem<\/h3>\n\t\t\t\t\t\t\t\t<\/div>\n\t\t\t\t\t\t\t\t\n\t\t\t\t\t\t\t\t\t\t\t\t\t\t\t\t\n\t\t\t\t\t\t\t\t<\/div>\n\t\t\t\t\t\t\t<\/div>\n\n\t\t\t\t\t\t\t<div class=\"overlay\" style=\"background-color: #ffbf31;\"><\/div>\n\t\t\t\t\t\t\t\n\t\t\t\t\t\t\t\t\t\t\t\t\t\t\t<a href=\"https:\/\/leinarpataket.se\/?project=fridhem\" alt=\"Fridhem\"><\/a>\n\t\t\t\t\t\t\t\t\t\t\t\t\t<img loading=\"lazy\" decoding=\"async\" width=\"640\" height=\"427\" src=\"https:\/\/leinarpataket.se\/wp-content\/uploads\/2016\/10\/fridhem_t.jpg\" class=\" wp-post-image\" alt=\"Fridhem\" title=\"Fridhem\" srcset=\"https:\/\/leinarpataket.se\/wp-content\/uploads\/2016\/10\/fridhem_t.jpg 640w, https:\/\/leinarpataket.se\/wp-content\/uploads\/2016\/10\/fridhem_t-300x200.jpg 300w, https:\/\/leinarpataket.se\/wp-content\/uploads\/2016\/10\/fridhem_t-272x182.jpg 272w\" sizes=\"(max-width: 640px) 100vw, 640px\" \/>\n\t\t\t\t\t\t\n\n\t\t\t\t\t\t\n\t\t\t\t\t\t<\/div>\n\t\t\t\t\t<\/div><!-- #post->ID -->\n\t\t\t\t\t\t\n\t\t\t\t\t<div class=\"project small  effect-1 \" id=\"project-255\">\n\t\t\t\t\t\t<div class=\"inside\">\n\t\t\t\t\t\t\t\n\t\t\t\t\t\t\t<div class=\"details \" style=\"border-color: #262626;\">\n\t\t\t\t\t\t\t\t<div class=\"text\">\n\t\t\t\t\t\t\t\t\n\t\t\t\t\t\t\t\t<div class=\"title\" >\n\t\t\t\t\t\t\t\t\t<h3 class=\"entry-title\" style=\"color: #262626!important;\">Olsfors<\/h3>\n\t\t\t\t\t\t\t\t<\/div>\n\t\t\t\t\t\t\t\t\n\t\t\t\t\t\t\t\t\t\t\t\t\t\t\t\t\n\t\t\t\t\t\t\t\t<\/div>\n\t\t\t\t\t\t\t<\/div>\n\n\t\t\t\t\t\t\t<div class=\"overlay\" style=\"background-color: #ffbf31;\"><\/div>\n\t\t\t\t\t\t\t\n\t\t\t\t\t\t\t\t\t\t\t\t\t\t\t<a href=\"https:\/\/leinarpataket.se\/?project=olsfors\" alt=\"Olsfors\"><\/a>\n\t\t\t\t\t\t\t\t\t\t\t\t\t<img loading=\"lazy\" decoding=\"async\" width=\"640\" height=\"427\" src=\"https:\/\/leinarpataket.se\/wp-content\/uploads\/2016\/10\/olsfors_t.jpg\" class=\" wp-post-image\" alt=\"Olsfors\" title=\"Olsfors\" srcset=\"https:\/\/leinarpataket.se\/wp-content\/uploads\/2016\/10\/olsfors_t.jpg 640w, https:\/\/leinarpataket.se\/wp-content\/uploads\/2016\/10\/olsfors_t-300x200.jpg 300w, https:\/\/leinarpataket.se\/wp-content\/uploads\/2016\/10\/olsfors_t-272x182.jpg 272w\" sizes=\"(max-width: 640px) 100vw, 640px\" \/>\n\t\t\t\t\t\t\n\n\t\t\t\t\t\t\n\t\t\t\t\t\t<\/div>\n\t\t\t\t\t<\/div><!-- #post->ID -->\n\t\t\t\t\t\t\n\t\t\t\t\t<div class=\"project small  effect-1 \" id=\"project-248\">\n\t\t\t\t\t\t<div class=\"inside\">\n\t\t\t\t\t\t\t\n\t\t\t\t\t\t\t<div class=\"details \" style=\"border-color: #262626;\">\n\t\t\t\t\t\t\t\t<div class=\"text\">\n\t\t\t\t\t\t\t\t\n\t\t\t\t\t\t\t\t<div class=\"title\" >\n\t\t\t\t\t\t\t\t\t<h3 class=\"entry-title\" style=\"color: #262626!important;\">V\u00e4sterlanda<\/h3>\n\t\t\t\t\t\t\t\t<\/div>\n\t\t\t\t\t\t\t\t\n\t\t\t\t\t\t\t\t\t\t\t\t\t\t\t\t\n\t\t\t\t\t\t\t\t<\/div>\n\t\t\t\t\t\t\t<\/div>\n\n\t\t\t\t\t\t\t<div class=\"overlay\" style=\"background-color: #ffbf31;\"><\/div>\n\t\t\t\t\t\t\t\n\t\t\t\t\t\t\t\t\t\t\t\t\t\t\t<a href=\"https:\/\/leinarpataket.se\/?project=vasterlanda\" alt=\"V\u00e4sterlanda\"><\/a>\n\t\t\t\t\t\t\t\t\t\t\t\t\t<img loading=\"lazy\" decoding=\"async\" width=\"640\" height=\"427\" src=\"https:\/\/leinarpataket.se\/wp-content\/uploads\/2016\/10\/vasterlandat.jpg\" class=\" wp-post-image\" alt=\"V\u00e4sterlanda\" title=\"V\u00e4sterlanda\" srcset=\"https:\/\/leinarpataket.se\/wp-content\/uploads\/2016\/10\/vasterlandat.jpg 640w, https:\/\/leinarpataket.se\/wp-content\/uploads\/2016\/10\/vasterlandat-300x200.jpg 300w, https:\/\/leinarpataket.se\/wp-content\/uploads\/2016\/10\/vasterlandat-272x182.jpg 272w\" sizes=\"(max-width: 640px) 100vw, 640px\" \/>\n\t\t\t\t\t\t\n\n\t\t\t\t\t\t\n\t\t\t\t\t\t<\/div>\n\t\t\t\t\t<\/div><!-- #post->ID -->\n\t\t\t\t\t\t\t\t\t\t\t<\/div><!-- .thumbs -->\n\t\t\t\t\t\t\t\t\t<\/div><!-- .projects -->\n\t\t\t\t<\/div><\/div><\/div><\/div><\/div><div id=\"pg-74-2\"  class=\"panel-grid panel-has-style\" ><div class=\"siteorigin-panels-stretch panel-row-style panel-row-style-for-74-2\" style=\"padding-top: 60px; padding-bottom: 100px; \" data-stretch-type=\"full\" ><div id=\"pgc-74-2-0\"  class=\"panel-grid-cell\" ><div id=\"panel-74-2-0-0\" class=\"so-panel widget widget_ttrust_testimonials create-testimonials panel-first-child panel-last-child\" data-index=\"2\" >\t\t\t\t<div id=\"widget-2-0-0\" class=\"testimonials carousel col-1 alignment-center\">\n\t\t\t\t\n\t\t\t\t\t\t\t\t\t\t\n<div class=\"testimonial small clearfix\">\n\t<div class=\"inside\">\t\n\t\t<div class=\"testimonial-img\">\t\t\t\n\t\t\t\t\t\t\t\t\t\n\t\t<\/div>\t\n\t\t<div class=\"testimonial-text\">\t\t\t\n\t\t\t<p class=\"p1\"><span class=\"s1\"><i>\u00c4n en g\u00e5ng tusen tack f\u00f6r ett fint takarbete och professionell handl\u00e4ggning av allt. Jag \u00e4r mycket n\u00f6jd med mitt fina tak, det blev ett riktigt &#8221;lyft&#8221; f\u00f6r min lilla &#8221;skruttibangbang k\u00e5k&#8221; :D.<br \/>\nJag\u00a0kommer att varmt rekommendera ditt f\u00f6retag till andra som jag k\u00e4nner och som \u00f6nskar ha takarbeten.<br \/>\n<\/i><br \/>\n<\/span><\/p>\n\t\n\t\t\t<span class=\"title\"><span>Raili McMahon, \u00c4ngsv\u00e4gen 20<\/span><\/span>\n\t\t<\/div>\n\t<\/div>\t\t\t\n<\/div>\n\t\t\t\t\t\t\n<div class=\"testimonial small clearfix\">\n\t<div class=\"inside\">\t\n\t\t<div class=\"testimonial-img\">\t\t\t\n\t\t\t\t\t\t\t\t\t\n\t\t<\/div>\t\n\t\t<div class=\"testimonial-text\">\t\t\t\n\t\t\t<p class=\"p1\"><i><\/i><span class=\"s1\"><i>Hela arbetet tog 5 dagar med en offert med fast totalpris som underlag.\u00a0<\/i><\/span><span class=\"s1\"><i>Kan varmt rekommendera Leinar f\u00f6r takl\u00e4ggning. F\u00f6rutom bra utf\u00f6rt arbete var det ocks\u00e5 mycket konstruktiva diskussioner kring diverse detaljfr\u00e5gor som alltid uppst\u00e5r vid liknande arbeten.<\/i><\/span><\/p>\n\t\n\t\t\t<span class=\"title\"><span>Erland Pettersson, Gullregnsv\u00e4gen 34<\/span><\/span>\n\t\t<\/div>\n\t<\/div>\t\t\t\n<\/div>\n\t\t\t\t\t\t\n<div class=\"testimonial small clearfix\">\n\t<div class=\"inside\">\t\n\t\t<div class=\"testimonial-img\">\t\t\t\n\t\t\t\t\t\t\t\t\t\n\t\t<\/div>\t\n\t\t<div class=\"testimonial-text\">\t\t\t\n\t\t\t<p class=\"p1\"><span class=\"s1\"><i>Anlitade Leinar p\u00e5 taket efter ett mycket seri\u00f6st intryck vid hembes\u00f6k och gratis offert. Hela v\u00e4gen var det en dialog oss emellan och vi k\u00e4nde oss\u00a0mycket delaktiga i vad som h\u00e4nde i arbetsprocessen. Allt st\u00e4mde i tid, kostnad och slutprodukten var \u00f6ver f\u00f6rv\u00e4ntan.\u00a0Kan med varm hand rekommendera David Leinar och hans medarbetare f\u00f6r andra.<\/i><\/span><\/p>\n\t\n\t\t\t<span class=\"title\"><span>Kristoffer Kvarnhov, Skogsdalsv\u00e4gen 4<\/span><\/span>\n\t\t<\/div>\n\t<\/div>\t\t\t\n<\/div>\n\t\t\t\t\t\t\n<div class=\"testimonial small clearfix\">\n\t<div class=\"inside\">\t\n\t\t<div class=\"testimonial-img\">\t\t\t\n\t\t\t\t\t\t\t\t\t\n\t\t<\/div>\t\n\t\t<div class=\"testimonial-text\">\t\t\t\n\t\t\t<p class=\"p1\"><span class=\"s1\"><em>Vi vill passa p\u00e5 att tacka dig och dina grabbar f\u00f6r v\u00e4l utf\u00f6rt arbete. Vi \u00e4r mycket n\u00f6jda. Snabbt, snyggt, h\u00e4nsynsfullt utf\u00f6rt. Det \u00e4r n\u00e4stan s\u00e5 att man l\u00e4ngtar till h\u00f6ststormarna s\u00e5 vi f\u00e5r se vad taket g\u00e5r f\u00f6r.<\/em> \ud83d\ude42<\/span><\/p>\n\t\n\t\t\t<span class=\"title\"><span>Daniel S\u00f6derqvist, Bokgatan<\/span><\/span>\n\t\t<\/div>\n\t<\/div>\t\t\t\n<\/div>\n\t\t\t\t\t\t\n<div class=\"testimonial small clearfix\">\n\t<div class=\"inside\">\t\n\t\t<div class=\"testimonial-img\">\t\t\t\n\t\t\t\t\t\t\t\t\t\n\t\t<\/div>\t\n\t\t<div class=\"testimonial-text\">\t\t\t\n\t\t\t<p class=\"p1\"><span class=\"s1\"><i>Fruktansv\u00e4rt n\u00f6jd, h\u00e5ll tidsplanen v\u00e4l \u00e5 kom \u00e4ven med goda r\u00e5d, d\u00e4r jag faktiskt sparade pengar. La ny duk l\u00e4kta pannor vindskivor h\u00e4ngr\u00e4nnor, en imponerande arbetsinsats. \u00c4r sj\u00e4lv hantverkare s\u00e5 jag vet vad jag talar om. 5 i betyg, \u00e4r som sagt mycket n\u00f6jd.<\/i><\/span><\/p>\n\t\n\t\t\t<span class=\"title\"><span>Fredrik Danielsson, Bergkantsv\u00e4gen 23<\/span><\/span>\n\t\t<\/div>\n\t<\/div>\t\t\t\n<\/div>\n\t\t\t\t\t\t\t\t\t\t<\/div><!-- .testimonials -->\n\t\t\t\t<\/div>\t\t\t\t\t\t\t\t\t<script type=\"text\/javascript\">\n\t\t\t\t\t\/\/<![CDATA[\n\t\t\t\t\tjQuery(window).load(function(){\t\t\n\t\t\t\t\t\tjQuery('#widget-2-0-0.testimonials.carousel').owlCarousel({\n\t\t\t\t\t\t    items : 1,\t\t\t\t\t\t\t\n\t\t\t\t\t\t\titemsDesktop : [1199,1],\n\t\t\t\t\t\t\titemsDesktopSmall : [980,1],\n\t\t\t\t\t\t\titemsTablet: [768,1],\n\t\t\t\t\t\t\titemsTabletSmall: false,\n\t\t\t\t\t\t\titemsMobile : [479,1]\t\t\t\t\t\t\n\t\t\t\t\t\t})\n\t\t\t\t\t\tjQuery('head').append('<style type=\"text\/css\">#widget-2-0-0.testimonials.carousel .owl-controls .owl-pagination .owl-page span {background-color: #262626;}<\/style>');\n\t\t\t\t\t});\n\t\t\t\t\t\/\/]]>\n\t\t\t\t\t<\/script>\n\t\t\t\t\n<\/div><\/div><\/div><\/div>","protected":false},"excerpt":{"rendered":"<p>Klicka p\u00e5 referensbilderna nedan f\u00f6r att se mer R\u00e5dav\u00e4gen Fridhem Olsfors V\u00e4sterlanda \u00c4n en g\u00e5ng tusen tack f\u00f6r ett fint takarbete och professionell handl\u00e4ggning av allt. Jag \u00e4r mycket n\u00f6jd med mitt fina tak, det blev ett riktigt \u201dlyft\u201d f\u00f6r min lilla \u201dskruttibangbang k\u00e5k\u201d :D. Jag&nbsp;kommer att varmt rekommendera ditt f\u00f6retag till andra som jag &hellip; <a href=\"https:\/\/leinarpataket.se\/?testimonial=fredrik-danielsson-bergkantsvagen-23\" title=\"Fredrik Danielsson, Bergkantsv\u00e4gen 23\" class=\"read-more\">Read More<\/a><\/p>\n","protected":false},"author":1,"featured_media":0,"parent":0,"menu_order":0,"comment_status":"closed","ping_status":"closed","template":"","meta":{"footnotes":""},"_links":{"self":[{"href":"https:\/\/leinarpataket.se\/index.php?rest_route=\/wp\/v2\/pages\/74"}],"collection":[{"href":"https:\/\/leinarpataket.se\/index.php?rest_route=\/wp\/v2\/pages"}],"about":[{"href":"https:\/\/leinarpataket.se\/index.php?rest_route=\/wp\/v2\/types\/page"}],"author":[{"embeddable":true,"href":"https:\/\/leinarpataket.se\/index.php?rest_route=\/wp\/v2\/users\/1"}],"replies":[{"embeddable":true,"href":"https:\/\/leinarpataket.se\/index.php?rest_route=%2Fwp%2Fv2%2Fcomments&post=74"}],"version-history":[{"count":35,"href":"https:\/\/leinarpataket.se\/index.php?rest_route=\/wp\/v2\/pages\/74\/revisions"}],"predecessor-version":[{"id":386,"href":"https:\/\/leinarpataket.se\/index.php?rest_route=\/wp\/v2\/pages\/74\/revisions\/386"}],"wp:attachment":[{"href":"https:\/\/leinarpataket.se\/index.php?rest_route=%2Fwp%2Fv2%2Fmedia&parent=74"}],"curies":[{"name":"wp","href":"https:\/\/api.w.org\/{rel}","templated":true}]}}