{"id":7,"date":"2016-08-23T13:31:15","date_gmt":"2016-08-23T13:31:15","guid":{"rendered":"http:\/\/www.wp.xn--leinarptaket-zcb.se\/?page_id=7"},"modified":"2016-11-18T13:28:37","modified_gmt":"2016-11-18T13:28:37","slug":"om-oss","status":"publish","type":"page","link":"https:\/\/leinarpataket.se\/?page_id=7","title":{"rendered":"Om oss"},"content":{"rendered":"<div id=\"pl-7\"  class=\"panel-layout\" ><div id=\"pg-7-0\"  class=\"panel-grid panel-has-style\" ><div class=\"siteorigin-panels-stretch equal-column-height panel-row-style panel-row-style-for-7-0\" style=\"padding-top: 0px; padding-bottom: 0px; padding-left: 0px; padding-right: 0px; \" data-stretch-type=\"full-stretched\" ><div id=\"pgc-7-0-0\"  class=\"panel-grid-cell\" ><div id=\"panel-7-0-0-0\" class=\"so-panel widget widget_ttrust_spacer create-spacer panel-first-child panel-last-child\" data-index=\"0\" ><div class=\"panel-widget-style panel-widget-style-for-7-0-0-0\" >\t\t\t\t<div id=\"widget-0-0-0\" class=\"create-spacer\" style=\"height: 350px;\"><\/div>\n\t\t\t<\/div><\/div><\/div><div id=\"pgc-7-0-1\"  class=\"panel-grid-cell\" ><div id=\"panel-7-0-1-0\" class=\"so-panel widget widget_ttrust_spacer create-spacer panel-first-child panel-last-child\" data-index=\"1\" ><div class=\"panel-widget-style panel-widget-style-for-7-0-1-0\" >\t\t\t\t<div id=\"widget-0-1-0\" class=\"create-spacer\" style=\"height: 350px;\"><\/div>\n\t\t\t<\/div><\/div><\/div><div id=\"pgc-7-0-2\"  class=\"panel-grid-cell\" ><div id=\"panel-7-0-2-0\" class=\"so-panel widget widget_ttrust_spacer create-spacer panel-first-child panel-last-child\" data-index=\"2\" ><div class=\"panel-widget-style panel-widget-style-for-7-0-2-0\" >\t\t\t\t<div id=\"widget-0-2-0\" class=\"create-spacer\" style=\"height: 350px;\"><\/div>\n\t\t\t<\/div><\/div><\/div><\/div><\/div><div id=\"pg-7-1\"  class=\"panel-grid panel-has-style\" ><div class=\"siteorigin-panels-stretch panel-row-style panel-row-style-for-7-1\" style=\"background-image: url(340);background-size: cover;padding-top: 50px; \" data-stretch-type=\"full\" ><div id=\"pgc-7-1-0\"  class=\"panel-grid-cell\" ><div id=\"panel-7-1-0-0\" class=\"so-panel widget widget_black-studio-tinymce widget_black_studio_tinymce panel-first-child\" data-index=\"3\" ><div class=\"panel-widget-style panel-widget-style-for-7-1-0-0\" ><div class=\"textwidget\"><div class=\"BlackGray\">\n<h1 style=\"text-align: center;\">VI TUMMAR ALDRIG <br \/>P\u00c5 KVALIT\u00c9N<\/h1>\n<\/div>\n<\/div><\/div><\/div><div id=\"panel-7-1-0-1\" class=\"so-panel widget widget_black-studio-tinymce widget_black_studio_tinymce panel-last-child\" data-index=\"4\" ><div class=\"panel-widget-style panel-widget-style-for-7-1-0-1\" ><div class=\"textwidget\"><p><span class=\"main-text\"; style=\"font-weight: 300; font-size: 1.3em; line-height: 1.5em;\">Leinar p\u00e5 taket AB \u00e4r ett familje\u00e4gt f\u00f6retag som startades av David Leinar och Josefine Felton. M\u00e5ls\u00e4ttningen med Leinar p\u00e5 Taket AB har alltid varit att h\u00f6ja kvalit\u00e9n inom takbranschen och kunna erbjuda s\u00e4kra och t\u00e5liga tak. Vi str\u00e4var dagligen efter att leverera snabbt och tryggt utan att tumma p\u00e5 kvalit\u00e9n, vilket \u00e4ven \u00e4r Leinar p\u00e5 Takets ledord. L\u00e5t oss f\u00f6rklara lite mer om hur vi jobbar efter dessa k\u00e4rnv\u00e4rden:<\/span><\/p>\n<\/div><\/div><\/div><\/div><\/div><\/div><div id=\"pg-7-2\"  class=\"panel-grid panel-has-style\" ><div class=\"siteorigin-panels-stretch panel-row-style panel-row-style-for-7-2\" style=\"padding-top: 50px; padding-bottom: 140px; \" data-stretch-type=\"full\" ><div id=\"pgc-7-2-0\"  class=\"panel-grid-cell\" ><div id=\"panel-7-2-0-0\" class=\"so-panel widget widget_black-studio-tinymce widget_black_studio_tinymce panel-first-child panel-last-child\" data-index=\"5\" ><div class=\"panel-widget-style panel-widget-style-for-7-2-0-0\" ><div class=\"textwidget\"><h3 class=\"p1\">Effektivt<\/h3>\n<p class=\"p1\">Vi svarar alltid p\u00e5 en offertf\u00f6rfr\u00e5gan inom 24 timmar,\u00a0genom att ringa upp och boka en tid f\u00f6r en kostnadsfri husbesiktning. Efter besiktningen har\u00a0du\u00a0offerten i\u00a0handen inom 48 timmar. Det kallar vi <em>effektivitet<\/em>.<\/p>\n<\/div><\/div><\/div><\/div><div id=\"pgc-7-2-1\"  class=\"panel-grid-cell\" ><div id=\"panel-7-2-1-0\" class=\"so-panel widget widget_black-studio-tinymce widget_black_studio_tinymce panel-first-child panel-last-child\" data-index=\"6\" ><div class=\"panel-widget-style panel-widget-style-for-7-2-1-0\" ><div class=\"textwidget\"><h3 class=\"p1\">Trygghet<\/h3>\n<p class=\"p1\">En n\u00e4ra dialog med v\u00e5ra kunder \u00e4r en sj\u00e4lvklarhet f\u00f6r oss. F\u00f6r att det ska k\u00e4nnas tryggt och enkelt f\u00e5r\u00a0du\u00a0samma kontaktperson, fr\u00e5n offert till\u00a0f\u00e4rdig\u00a0takoml\u00e4ggning. F\u00f6rutom n\u00f6jda kunder\u00a0och stolta referenser, l\u00e4mnar vi \u00e4ven 10 \u00e5rs garanti p\u00e5 alla v\u00e5ra jobb. Det \u00e4r <em>trygghet<\/em> f\u00f6r v\u00e5ra kunder.<\/p>\n<\/div><\/div><\/div><\/div><div id=\"pgc-7-2-2\"  class=\"panel-grid-cell\" ><div id=\"panel-7-2-2-0\" class=\"so-panel widget widget_black-studio-tinymce widget_black_studio_tinymce panel-first-child panel-last-child\" data-index=\"7\" ><div class=\"panel-widget-style panel-widget-style-for-7-2-2-0\" ><div class=\"textwidget\"><h3 class=\"p1\"><span class=\"s1\">Kvalit\u00e9<\/span><\/h3>\n<p class=\"p2\"><span class=\"s1\">Vi jobbar med h\u00f6gkvalitativa produkter fr\u00e5n v\u00e4lk\u00e4nda leverant\u00f6rer s\u00e5som Benders och Monier f\u00f6r att s\u00e4kerst\u00e4lla att ditt nya tak kommer att h\u00e5lla i m\u00e5nga \u00e5r fram\u00f6ver. Alla v\u00e5ra takpannor \u00e4r ytbehandlade f\u00f6r b\u00e4sta m\u00f6jliga skydd. Vi tummar aldrig p\u00e5 kvalit\u00e9n!<\/span><\/p>\n<\/div><\/div><\/div><\/div><\/div><\/div><\/div>","protected":false},"excerpt":{"rendered":"<p>VI TUMMAR ALDRIG P\u00c5 KVALIT\u00c9N Leinar p\u00e5 taket AB \u00e4r ett familje\u00e4gt f\u00f6retag som startades av David Leinar och Josefine Felton. M\u00e5ls\u00e4ttningen med Leinar p\u00e5 Taket AB har alltid varit att h\u00f6ja kvalit\u00e9n inom takbranschen och kunna erbjuda s\u00e4kra och t\u00e5liga tak. Vi str\u00e4var dagligen efter att leverera snabbt och tryggt utan att tumma p\u00e5 &hellip; <a href=\"https:\/\/leinarpataket.se\/?page_id=7\" title=\"Om oss\" class=\"read-more\">Read More<\/a><\/p>\n","protected":false},"author":1,"featured_media":0,"parent":0,"menu_order":0,"comment_status":"closed","ping_status":"closed","template":"","meta":{"footnotes":""},"_links":{"self":[{"href":"https:\/\/leinarpataket.se\/index.php?rest_route=\/wp\/v2\/pages\/7"}],"collection":[{"href":"https:\/\/leinarpataket.se\/index.php?rest_route=\/wp\/v2\/pages"}],"about":[{"href":"https:\/\/leinarpataket.se\/index.php?rest_route=\/wp\/v2\/types\/page"}],"author":[{"embeddable":true,"href":"https:\/\/leinarpataket.se\/index.php?rest_route=\/wp\/v2\/users\/1"}],"replies":[{"embeddable":true,"href":"https:\/\/leinarpataket.se\/index.php?rest_route=%2Fwp%2Fv2%2Fcomments&post=7"}],"version-history":[{"count":15,"href":"https:\/\/leinarpataket.se\/index.php?rest_route=\/wp\/v2\/pages\/7\/revisions"}],"predecessor-version":[{"id":340,"href":"https:\/\/leinarpataket.se\/index.php?rest_route=\/wp\/v2\/pages\/7\/revisions\/340"}],"wp:attachment":[{"href":"https:\/\/leinarpataket.se\/index.php?rest_route=%2Fwp%2Fv2%2Fmedia&parent=7"}],"curies":[{"name":"wp","href":"https:\/\/api.w.org\/{rel}","templated":true}]}}