{"id":14,"date":"2016-08-23T13:37:03","date_gmt":"2016-08-23T13:37:03","guid":{"rendered":"http:\/\/www.wp.xn--leinarptaket-zcb.se\/?page_id=14"},"modified":"2016-11-18T21:23:42","modified_gmt":"2016-11-18T21:23:42","slug":"kontakt","status":"publish","type":"page","link":"https:\/\/leinarpataket.se\/?page_id=14","title":{"rendered":"Kontakt"},"content":{"rendered":"<div id=\"pl-14\"  class=\"panel-layout\" ><div id=\"pg-14-0\"  class=\"panel-grid panel-has-style\" ><div class=\"siteorigin-panels-stretch panel-row-style panel-row-style-for-14-0\" data-stretch-type=\"full-stretched\" ><div id=\"pgc-14-0-0\"  class=\"panel-grid-cell\" ><div id=\"panel-14-0-0-0\" class=\"so-panel widget widget_sow-hero panel-first-child panel-last-child\" data-index=\"0\" ><div\n\t\t\t\n\t\t\tclass=\"so-widget-sow-hero so-widget-sow-hero-default-60e1fd5dea9b-14 so-widget-fittext-wrapper\"\n\t\t\t data-fit-text-compressor=\"0.85\"\n\t\t>\t\t\t\t<div class=\"sow-slider-base\" style=\"display: none\" tabindex=\"0\">\n\t\t\t\t\t<ul\n\t\t\t\t\tclass=\"sow-slider-images\"\n\t\t\t\t\tdata-settings=\"{&quot;pagination&quot;:true,&quot;speed&quot;:800,&quot;timeout&quot;:8000,&quot;paused&quot;:false,&quot;pause_on_hover&quot;:false,&quot;swipe&quot;:true,&quot;nav_always_show_desktop&quot;:&quot;&quot;,&quot;nav_always_show_mobile&quot;:&quot;&quot;,&quot;breakpoint&quot;:&quot;780px&quot;,&quot;unmute&quot;:false,&quot;anchor&quot;:null}\"\n\t\t\t\t\tstyle=\"min-height: 500px\"\t\t\t\t\tdata-anchor-id=\"\"\n\t\t\t\t>\t\t<li class=\"sow-slider-image  sow-slider-image-cover\" style=\"visibility: visible;;background-color: #333333\" >\n\t\t\t\t\t<div class=\"sow-slider-image-container\">\n\t\t\t<div class=\"sow-slider-image-wrapper\">\n\t\t\t\t<h1 style=\"text-align: center\">KONTAKTA OSS REDAN IDAG<\/h1>\n<h3 style=\"text-align: center\">Vi har som policy att svara inom 24 timmar.<\/h3>\t\t\t<\/div>\n\t\t<\/div>\n\t\t<div class=\"sow-slider-image-overlay sow-slider-image-cover\" style=\"opacity: 0.5;background-image: url(https:\/\/leinarpataket.se\/wp-content\/uploads\/2016\/08\/blur.jpg)\"  ><\/div>\t\t<\/li>\n\t\t<\/ul>\t\t\t\t<ol class=\"sow-slider-pagination\">\n\t\t\t\t\t\t\t\t\t\t\t<li><a href=\"#\" data-goto=\"0\" aria-label=\"display slide 1\"><\/a><\/li>\n\t\t\t\t\t\t\t\t\t<\/ol>\n\n\t\t\t\t<div class=\"sow-slide-nav sow-slide-nav-next\">\n\t\t\t\t\t<a href=\"#\" data-goto=\"next\" aria-label=\"next slide\" data-action=\"next\">\n\t\t\t\t\t\t<em class=\"sow-sld-icon-thin-right\"><\/em>\n\t\t\t\t\t<\/a>\n\t\t\t\t<\/div>\n\n\t\t\t\t<div class=\"sow-slide-nav sow-slide-nav-prev\">\n\t\t\t\t\t<a href=\"#\" data-goto=\"previous\" aria-label=\"previous slide\" data-action=\"prev\">\n\t\t\t\t\t\t<em class=\"sow-sld-icon-thin-left\"><\/em>\n\t\t\t\t\t<\/a>\n\t\t\t\t<\/div>\n\t\t\t\t<\/div><\/div><\/div><\/div><\/div><\/div><div id=\"pg-14-1\"  class=\"panel-grid panel-has-style\" ><div class=\"siteorigin-panels-stretch panel-row-style panel-row-style-for-14-1\" style=\"padding-bottom: 100px; \" data-stretch-type=\"full\" ><div id=\"pgc-14-1-0\"  class=\"panel-grid-cell\" ><div id=\"panel-14-1-0-0\" class=\"so-panel widget widget_sow-headline panel-first-child\" data-index=\"1\" ><div\n\t\t\t\n\t\t\tclass=\"so-widget-sow-headline so-widget-sow-headline-default-3b758b9c4afb-14\"\n\t\t\t\n\t\t><div class=\"sow-headline-container \">\n\t\t\t\t\t\t\t<h2 class=\"sow-headline\">\n\t\t\t\t\t\tSKICKA ETT MEDDELANDE\t\t\t\t\t\t<\/h2>\n\t\t\t\t\t\t\t\t\t\t\t\t<h3 class=\"sow-sub-headline\">\n\t\t\t\t\t\tVi svarar inom 24 timmar.\t\t\t\t\t\t<\/h3>\n\t\t\t\t\t\t<\/div>\n<\/div><\/div><div id=\"panel-14-1-0-1\" class=\"so-panel widget widget_black-studio-tinymce widget_black_studio_tinymce panel-last-child\" data-index=\"2\" ><div class=\"textwidget\"><p>\n<div class=\"wpcf7 no-js\" id=\"wpcf7-f6-o1\" lang=\"sv-SE\" dir=\"ltr\">\n<div class=\"screen-reader-response\"><p role=\"status\" aria-live=\"polite\" aria-atomic=\"true\"><\/p> <ul><\/ul><\/div>\n<form action=\"\/index.php?rest_route=%2Fwp%2Fv2%2Fpages%2F14#wpcf7-f6-o1\" method=\"post\" class=\"wpcf7-form init\" aria-label=\"Kontaktformul\u00e4r\" novalidate=\"novalidate\" data-status=\"init\">\n<div style=\"display: none;\">\n<input type=\"hidden\" name=\"_wpcf7\" value=\"6\" \/>\n<input type=\"hidden\" name=\"_wpcf7_version\" value=\"5.9.5\" \/>\n<input type=\"hidden\" name=\"_wpcf7_locale\" value=\"sv_SE\" \/>\n<input type=\"hidden\" name=\"_wpcf7_unit_tag\" value=\"wpcf7-f6-o1\" \/>\n<input type=\"hidden\" name=\"_wpcf7_container_post\" value=\"0\" \/>\n<input type=\"hidden\" name=\"_wpcf7_posted_data_hash\" value=\"\" \/>\n<\/div>\n<p><label> Ditt namn (obligatorisk)<br \/>\n<span class=\"wpcf7-form-control-wrap\" data-name=\"your-name\"><input size=\"40\" class=\"wpcf7-form-control wpcf7-text wpcf7-validates-as-required\" aria-required=\"true\" aria-invalid=\"false\" value=\"\" type=\"text\" name=\"your-name\" \/><\/span> <\/label>\n<\/p>\n<p><label> Din epost (obligatorisk)<br \/>\n<span class=\"wpcf7-form-control-wrap\" data-name=\"your-email\"><input size=\"40\" class=\"wpcf7-form-control wpcf7-email wpcf7-validates-as-required wpcf7-text wpcf7-validates-as-email\" aria-required=\"true\" aria-invalid=\"false\" value=\"\" type=\"email\" name=\"your-email\" \/><\/span> <\/label>\n<\/p>\n<p><label> Ditt telefonnummer<br \/>\n<span class=\"wpcf7-form-control-wrap\" data-name=\"Telefonnummer\"><input size=\"40\" class=\"wpcf7-form-control wpcf7-tel wpcf7-text wpcf7-validates-as-tel\" aria-invalid=\"false\" value=\"\" type=\"tel\" name=\"Telefonnummer\" \/><\/span> <\/label>\n<\/p>\n<p><label> \u00c4mne<br \/>\n<span class=\"wpcf7-form-control-wrap\" data-name=\"your-subject\"><input size=\"40\" class=\"wpcf7-form-control wpcf7-text\" aria-invalid=\"false\" value=\"\" type=\"text\" name=\"your-subject\" \/><\/span> <\/label>\n<\/p>\n<p><label> Ditt meddelande<br \/>\n<span class=\"wpcf7-form-control-wrap\" data-name=\"your-message\"><textarea cols=\"40\" rows=\"10\" class=\"wpcf7-form-control wpcf7-textarea\" aria-invalid=\"false\" name=\"your-message\"><\/textarea><\/span> <\/label>\n<\/p>\n<p>Ange kod: <input type=\"hidden\" name=\"_wpcf7_captcha_challenge_captcha-170\" value=\"2613912063\" \/><img loading=\"lazy\" decoding=\"async\" class=\"wpcf7-form-control wpcf7-captchac wpcf7-captcha-captcha-170\" width=\"72\" height=\"24\" alt=\"captcha\" src=\"https:\/\/leinarpataket.se\/wp-content\/uploads\/wpcf7_captcha\/2613912063.png\" \/><br \/>\n<span class=\"wpcf7-form-control-wrap\" data-name=\"captcha-170\"><input size=\"4\" maxlength=\"4\" class=\"wpcf7-form-control wpcf7-captchar\" autocomplete=\"off\" aria-invalid=\"false\" value=\"\" type=\"text\" name=\"captcha-170\" \/><\/span>\n<\/p>\n<p><input class=\"wpcf7-form-control wpcf7-submit has-spinner\" type=\"submit\" value=\"Skicka\" \/>\n<\/p><div class=\"wpcf7-response-output\" aria-hidden=\"true\"><\/div>\n<\/form>\n<\/div>\n<\/p>\n<\/div><\/div><\/div><div id=\"pgc-14-1-1\"  class=\"panel-grid-cell\" ><div id=\"panel-14-1-1-0\" class=\"so-panel widget widget_sow-headline panel-first-child\" data-index=\"3\" ><div\n\t\t\t\n\t\t\tclass=\"so-widget-sow-headline so-widget-sow-headline-default-3b758b9c4afb-14\"\n\t\t\t\n\t\t><div class=\"sow-headline-container \">\n\t\t\t\t\t\t\t<h2 class=\"sow-headline\">\n\t\t\t\t\t\tRING 070-669 42 39\t\t\t\t\t\t<\/h2>\n\t\t\t\t\t\t<\/div>\n<\/div><\/div><div id=\"panel-14-1-1-1\" class=\"so-panel widget widget_black-studio-tinymce widget_black_studio_tinymce\" data-index=\"4\" ><div class=\"textwidget\"><p class=\"p1\"><span class=\"s1\">Boka din husbesiktning redan idag!\u00a0<\/span><span class=\"s1\">V\u00e4lkommen att kontakta oss f\u00f6r mer information eller f\u00f6r en\u00a0kostnadsfri offert.\u00a0<\/span><\/p>\n<p class=\"p1\"><span class=\"s1\">Du vet v\u00e4l om att du kan utnyttja ROT-avdrag f\u00f6r takoml\u00e4ggning\u00a0och minska arbetskostnaden med 30 procent? <\/span><span class=\"s1\">L\u00e4s mer p\u00e5 <a href=\"https:\/\/www.skatteverket.se\/privat\/fastigheterochbostad\/rotochrutarbete.4.2e56d4ba1202f95012080002966.html\" target=\"_blank\">Skatteverket<\/a>.<\/span><\/p>\n<p class=\"p1\"><span class=\"s1\">\u00a0<\/span><\/p>\n<p class=\"p3\">\u00a0<\/p>\n<\/div><\/div><div id=\"panel-14-1-1-2\" class=\"so-panel widget widget_sow-button\" data-index=\"5\" ><div class=\"panel-widget-style panel-widget-style-for-14-1-1-2\" ><div\n\t\t\t\n\t\t\tclass=\"so-widget-sow-button so-widget-sow-button-flat-99d6e21773a3-14\"\n\t\t\t\n\t\t><div class=\"ow-button-base ow-button-align-right\">\n\t<a\n\thref=\"https:\/\/www.skatteverket.se\/privat\/fastigheterochbostad\/rotochrutarbete.4.2e56d4ba1202f95012080002966.html\"\n\t\tclass=\"ow-icon-placement-left ow-button-hover\" target=\"_blank\" rel=\"noopener noreferrer\" \t>\n\t\t<span>\n\t\t\t<span class=\"sow-icon-fontawesome sow-fas\" data-sow-icon=\"&#xf105;\"\n\t\tstyle=\"\" \n\t\taria-hidden=\"true\"><\/span>\n\t\t\tTILL SKATTEVERKET\t\t<\/span>\n\t<\/a>\n<\/div>\n<\/div><\/div><\/div><div id=\"panel-14-1-1-3\" class=\"so-panel widget widget_sow-headline\" data-index=\"6\" ><div\n\t\t\t\n\t\t\tclass=\"so-widget-sow-headline so-widget-sow-headline-default-3b758b9c4afb-14\"\n\t\t\t\n\t\t><div class=\"sow-headline-container \">\n\t\t\t\t\t\t\t<h2 class=\"sow-headline\">\n\t\t\t\t\t\tHITTA HIT\t\t\t\t\t\t<\/h2>\n\t\t\t\t\t\t<\/div>\n<\/div><\/div><div id=\"panel-14-1-1-4\" class=\"so-panel widget widget_sow-google-map panel-last-child\" data-index=\"7\" ><div\n\t\t\t\n\t\t\tclass=\"so-widget-sow-google-map so-widget-sow-google-map-default-ba39efe52b29-14\"\n\t\t\t\n\t\t>\n<div class=\"sow-google-map-canvas\"\n\tstyle=\"\"\n\tid=\"map-canvas-c6c8715b1ce76ea67d9d3332422b529a\"\n\tdata-options=\"{&quot;address&quot;:&quot;Fabriksgatan 42, 412 51 G\\u00f6teborg&quot;,&quot;zoom&quot;:12,&quot;mobileZoom&quot;:12,&quot;gestureHandling&quot;:&quot;greedy&quot;,&quot;disableUi&quot;:false,&quot;markerIcon&quot;:&quot;&quot;,&quot;markersDraggable&quot;:false,&quot;markerAtCenter&quot;:true,&quot;markerInfoDisplay&quot;:&quot;click&quot;,&quot;markerInfoMultiple&quot;:true,&quot;markerPositions&quot;:&quot;&quot;,&quot;mapName&quot;:&quot;Leinar p\\u00e5 Taket AB&quot;,&quot;mapStyles&quot;:[{&quot;featureType&quot;:&quot;all&quot;,&quot;elementType&quot;:&quot;geometry.fill&quot;,&quot;stylers&quot;:[{&quot;visibility&quot;:&quot;off&quot;},{&quot;color&quot;:&quot;#ff0000&quot;}]},{&quot;featureType&quot;:&quot;administrative&quot;,&quot;elementType&quot;:&quot;labels.text.fill&quot;,&quot;stylers&quot;:[{&quot;color&quot;:&quot;#262626&quot;}]},{&quot;featureType&quot;:&quot;landscape&quot;,&quot;elementType&quot;:&quot;all&quot;,&quot;stylers&quot;:[{&quot;color&quot;:&quot;#90a0a5&quot;}]},{&quot;featureType&quot;:&quot;landscape.man_made&quot;,&quot;elementType&quot;:&quot;geometry.fill&quot;,&quot;stylers&quot;:[{&quot;color&quot;:&quot;#90a0a5&quot;},{&quot;visibility&quot;:&quot;on&quot;}]},{&quot;featureType&quot;:&quot;landscape.natural&quot;,&quot;elementType&quot;:&quot;geometry.fill&quot;,&quot;stylers&quot;:[{&quot;visibility&quot;:&quot;on&quot;},{&quot;color&quot;:&quot;#a6b8bc&quot;}]},{&quot;featureType&quot;:&quot;landscape.natural.landcover&quot;,&quot;elementType&quot;:&quot;geometry.fill&quot;,&quot;stylers&quot;:[{&quot;color&quot;:&quot;#883232&quot;}]},{&quot;featureType&quot;:&quot;poi&quot;,&quot;elementType&quot;:&quot;all&quot;,&quot;stylers&quot;:[{&quot;visibility&quot;:&quot;off&quot;}]},{&quot;featureType&quot;:&quot;road&quot;,&quot;elementType&quot;:&quot;all&quot;,&quot;stylers&quot;:[{&quot;saturation&quot;:-100},{&quot;lightness&quot;:45}]},{&quot;featureType&quot;:&quot;road.highway&quot;,&quot;elementType&quot;:&quot;all&quot;,&quot;stylers&quot;:[{&quot;visibility&quot;:&quot;simplified&quot;}]},{&quot;featureType&quot;:&quot;road.arterial&quot;,&quot;elementType&quot;:&quot;labels.icon&quot;,&quot;stylers&quot;:[{&quot;visibility&quot;:&quot;off&quot;}]},{&quot;featureType&quot;:&quot;transit&quot;,&quot;elementType&quot;:&quot;all&quot;,&quot;stylers&quot;:[{&quot;visibility&quot;:&quot;off&quot;}]},{&quot;featureType&quot;:&quot;water&quot;,&quot;elementType&quot;:&quot;all&quot;,&quot;stylers&quot;:[{&quot;color&quot;:&quot;#46bcec&quot;},{&quot;visibility&quot;:&quot;on&quot;}]},{&quot;featureType&quot;:&quot;water&quot;,&quot;elementType&quot;:&quot;geometry.fill&quot;,&quot;stylers&quot;:[{&quot;visibility&quot;:&quot;on&quot;},{&quot;color&quot;:&quot;#ffbf31&quot;}]}],&quot;directions&quot;:&quot;&quot;,&quot;apiKey&quot;:&quot;AIzaSyAN_6OQoZ7gZV7-_sGG9Qdf64IZEdybYSs&quot;,&quot;breakpoint&quot;:780}\"\n\tdata-fallback-image=\"{&quot;img&quot;:&quot;&quot;}\"><\/div>\n<\/div><\/div><\/div><\/div><\/div><\/div>","protected":false},"excerpt":{"rendered":"<p>Boka din husbesiktning redan idag!\u00a0V\u00e4lkommen att kontakta oss f\u00f6r mer information eller f\u00f6r en\u00a0kostnadsfri offert.\u00a0Du vet v\u00e4l om att du kan utnyttja ROT-avdrag f\u00f6r takoml\u00e4ggning\u00a0och minska arbetskostnaden med 30 procent? L\u00e4s mer p\u00e5 Skatteverket.\u00a0\u00a0<\/p>\n","protected":false},"author":1,"featured_media":0,"parent":0,"menu_order":0,"comment_status":"closed","ping_status":"closed","template":"","meta":{"footnotes":""},"_links":{"self":[{"href":"https:\/\/leinarpataket.se\/index.php?rest_route=\/wp\/v2\/pages\/14"}],"collection":[{"href":"https:\/\/leinarpataket.se\/index.php?rest_route=\/wp\/v2\/pages"}],"about":[{"href":"https:\/\/leinarpataket.se\/index.php?rest_route=\/wp\/v2\/types\/page"}],"author":[{"embeddable":true,"href":"https:\/\/leinarpataket.se\/index.php?rest_route=\/wp\/v2\/users\/1"}],"replies":[{"embeddable":true,"href":"https:\/\/leinarpataket.se\/index.php?rest_route=%2Fwp%2Fv2%2Fcomments&post=14"}],"version-history":[{"count":26,"href":"https:\/\/leinarpataket.se\/index.php?rest_route=\/wp\/v2\/pages\/14\/revisions"}],"predecessor-version":[{"id":366,"href":"https:\/\/leinarpataket.se\/index.php?rest_route=\/wp\/v2\/pages\/14\/revisions\/366"}],"wp:attachment":[{"href":"https:\/\/leinarpataket.se\/index.php?rest_route=%2Fwp%2Fv2%2Fmedia&parent=14"}],"curies":[{"name":"wp","href":"https:\/\/api.w.org\/{rel}","templated":true}]}}