{"id":111,"date":"2016-09-01T14:22:16","date_gmt":"2016-09-01T14:22:16","guid":{"rendered":"http:\/\/www.wp.xn--leinarptaket-zcb.se\/?page_id=111"},"modified":"2016-11-18T17:07:14","modified_gmt":"2016-11-18T17:07:14","slug":"arbetsprocess","status":"publish","type":"page","link":"https:\/\/leinarpataket.se\/?page_id=111","title":{"rendered":"Arbetsprocess"},"content":{"rendered":"<div id=\"pl-111\"  class=\"panel-layout\" ><div id=\"pg-111-0\"  class=\"panel-grid panel-has-style\" ><div class=\"siteorigin-panels-stretch panel-row-style panel-row-style-for-111-0\" style=\"padding-top: 50px; padding-bottom: 50px; \" data-stretch-type=\"full-stretched\" ><div id=\"pgc-111-0-0\"  class=\"panel-grid-cell\" ><div id=\"panel-111-0-0-0\" class=\"so-panel widget widget_black-studio-tinymce widget_black_studio_tinymce panel-first-child panel-last-child\" data-index=\"0\" ><div class=\"textwidget\"><div class=\"BlackGray\">\n<h1 style=\"text-align: center;\">ARBETSPROCESS<\/h1>\n<\/div>\n<\/div><\/div><\/div><\/div><\/div><div id=\"pg-111-1\"  class=\"panel-grid panel-has-style\" ><div class=\"siteorigin-panels-stretch panel-row-style panel-row-style-for-111-1\" style=\"padding-top: 20px; padding-bottom: 20px; \" data-stretch-type=\"full\" ><div id=\"pgc-111-1-0\"  class=\"panel-grid-cell\" ><div id=\"panel-111-1-0-0\" class=\"so-panel widget widget_black-studio-tinymce widget_black_studio_tinymce panel-first-child panel-last-child\" data-index=\"1\" ><div class=\"panel-widget-style panel-widget-style-for-111-1-0-0\" ><div class=\"textwidget\"><h1 style=\"text-align: center;\">1<\/h1>\n<\/div><\/div><\/div><\/div><div id=\"pgc-111-1-1\"  class=\"panel-grid-cell panel-grid-cell-mobile-last\" ><div id=\"panel-111-1-1-0\" class=\"so-panel widget widget_black-studio-tinymce widget_black_studio_tinymce panel-first-child panel-last-child\" data-index=\"2\" ><div class=\"panel-widget-style panel-widget-style-for-111-1-1-0\" ><div class=\"textwidget\"><p>Ni kontaktar oss genom telefon\/mail och vi bokar ett m\u00f6te f\u00f6r en inspektion av ert tak. Sj\u00e4lvklart kostnadsfritt!<\/p>\n<\/div><\/div><\/div><\/div><div id=\"pgc-111-1-2\"  class=\"panel-grid-cell panel-grid-cell-empty\" ><\/div><\/div><\/div><div id=\"pg-111-2\"  class=\"panel-grid panel-has-style\" ><div class=\"siteorigin-panels-stretch panel-row-style panel-row-style-for-111-2\" style=\"padding-top: 20px; padding-bottom: 20px; \" data-stretch-type=\"full\" ><div id=\"pgc-111-2-0\"  class=\"panel-grid-cell\" ><div id=\"panel-111-2-0-0\" class=\"so-panel widget widget_black-studio-tinymce widget_black_studio_tinymce panel-first-child panel-last-child\" data-index=\"3\" ><div class=\"panel-widget-style panel-widget-style-for-111-2-0-0\" ><div class=\"textwidget\"><h1 style=\"text-align: center;\">2<\/h1>\n<\/div><\/div><\/div><\/div><div id=\"pgc-111-2-1\"  class=\"panel-grid-cell panel-grid-cell-mobile-last\" ><div id=\"panel-111-2-1-0\" class=\"so-panel widget widget_black-studio-tinymce widget_black_studio_tinymce panel-first-child panel-last-child\" data-index=\"4\" ><div class=\"panel-widget-style panel-widget-style-for-111-2-1-0\" ><div class=\"textwidget\"><p style=\"text-align: left;\"><span class=\"s2\">Efter bes\u00f6ket skickar vi en offert till er som innefattar material, arbetskostnad, eventuella pl\u00e5tarbeten samt bortforsling av allt avfall. Du vet det exakta priset innan arbetet s\u00e4tts ig\u00e5ng.<\/span><\/p>\n<\/div><\/div><\/div><\/div><div id=\"pgc-111-2-2\"  class=\"panel-grid-cell panel-grid-cell-empty\" ><\/div><\/div><\/div><div id=\"pg-111-3\"  class=\"panel-grid panel-has-style\" ><div class=\"siteorigin-panels-stretch panel-row-style panel-row-style-for-111-3\" style=\"padding-top: 20px; padding-bottom: 20px; \" data-stretch-type=\"full\" ><div id=\"pgc-111-3-0\"  class=\"panel-grid-cell\" ><div id=\"panel-111-3-0-0\" class=\"so-panel widget widget_black-studio-tinymce widget_black_studio_tinymce panel-first-child panel-last-child\" data-index=\"5\" ><div class=\"panel-widget-style panel-widget-style-for-111-3-0-0\" ><div class=\"textwidget\"><h1 style=\"text-align: center;\">3<\/h1>\n<\/div><\/div><\/div><\/div><div id=\"pgc-111-3-1\"  class=\"panel-grid-cell panel-grid-cell-mobile-last\" ><div id=\"panel-111-3-1-0\" class=\"so-panel widget widget_black-studio-tinymce widget_black_studio_tinymce panel-first-child panel-last-child\" data-index=\"6\" ><div class=\"panel-widget-style panel-widget-style-for-111-3-1-0\" ><div class=\"textwidget\"><p><span class=\"s2\">Offerten godk\u00e4nns av kund och kontrakt skrivs mellan parterna.<\/span><\/p>\n<\/div><\/div><\/div><\/div><div id=\"pgc-111-3-2\"  class=\"panel-grid-cell panel-grid-cell-empty\" ><\/div><\/div><\/div><div id=\"pg-111-4\"  class=\"panel-grid panel-has-style\" ><div class=\"siteorigin-panels-stretch panel-row-style panel-row-style-for-111-4\" style=\"padding-top: 20px; padding-bottom: 20px; \" data-stretch-type=\"full\" ><div id=\"pgc-111-4-0\"  class=\"panel-grid-cell\" ><div id=\"panel-111-4-0-0\" class=\"so-panel widget widget_black-studio-tinymce widget_black_studio_tinymce panel-first-child panel-last-child\" data-index=\"7\" ><div class=\"panel-widget-style panel-widget-style-for-111-4-0-0\" ><div class=\"textwidget\"><h1 style=\"text-align: center;\">4<\/h1>\n<\/div><\/div><\/div><\/div><div id=\"pgc-111-4-1\"  class=\"panel-grid-cell panel-grid-cell-mobile-last\" ><div id=\"panel-111-4-1-0\" class=\"so-panel widget widget_black-studio-tinymce widget_black_studio_tinymce panel-first-child panel-last-child\" data-index=\"8\" ><div class=\"panel-widget-style panel-widget-style-for-111-4-1-0\" ><div class=\"textwidget\"><p><span class=\"s2\">Vi p\u00e5b\u00f6rjar en arbetsordning f\u00f6r takoml\u00e4ggningen.<\/span><\/p>\n<\/div><\/div><\/div><\/div><div id=\"pgc-111-4-2\"  class=\"panel-grid-cell panel-grid-cell-empty\" ><\/div><\/div><\/div><div id=\"pg-111-5\"  class=\"panel-grid panel-has-style\" ><div class=\"siteorigin-panels-stretch panel-row-style panel-row-style-for-111-5\" style=\"padding-top: 20px; padding-bottom: 20px; \" data-stretch-type=\"full\" ><div id=\"pgc-111-5-0\"  class=\"panel-grid-cell\" ><div id=\"panel-111-5-0-0\" class=\"so-panel widget widget_black-studio-tinymce widget_black_studio_tinymce panel-first-child panel-last-child\" data-index=\"9\" ><div class=\"panel-widget-style panel-widget-style-for-111-5-0-0\" ><div class=\"textwidget\"><h1 style=\"text-align: center;\">5<\/h1>\n<\/div><\/div><\/div><\/div><div id=\"pgc-111-5-1\"  class=\"panel-grid-cell panel-grid-cell-mobile-last\" ><div id=\"panel-111-5-1-0\" class=\"so-panel widget widget_black-studio-tinymce widget_black_studio_tinymce panel-first-child panel-last-child\" data-index=\"10\" ><div class=\"panel-widget-style panel-widget-style-for-111-5-1-0\" ><div class=\"textwidget\"><p><span class=\"s2\">Vi best\u00e4ller material och container f\u00f6r avfallshantering. Arbetet p\u00e5b\u00f6rjas med st\u00e4llningsbyggning f\u00f6r att s\u00e4kerst\u00e4lla en god skyddsanordning. Rivning och takrenoveringen genomf\u00f6rs.<\/span><\/p>\n<\/div><\/div><\/div><\/div><div id=\"pgc-111-5-2\"  class=\"panel-grid-cell panel-grid-cell-empty\" ><\/div><\/div><\/div><div id=\"pg-111-6\"  class=\"panel-grid panel-has-style\" ><div class=\"siteorigin-panels-stretch panel-row-style panel-row-style-for-111-6\" style=\"padding-top: 20px; padding-bottom: 20px; \" data-stretch-type=\"full\" ><div id=\"pgc-111-6-0\"  class=\"panel-grid-cell\" ><div id=\"panel-111-6-0-0\" class=\"so-panel widget widget_black-studio-tinymce widget_black_studio_tinymce panel-first-child panel-last-child\" data-index=\"11\" ><div class=\"panel-widget-style panel-widget-style-for-111-6-0-0\" ><div class=\"textwidget\"><h1 style=\"text-align: center;\">6<\/h1>\n<\/div><\/div><\/div><\/div><div id=\"pgc-111-6-1\"  class=\"panel-grid-cell panel-grid-cell-mobile-last\" ><div id=\"panel-111-6-1-0\" class=\"so-panel widget widget_black-studio-tinymce widget_black_studio_tinymce panel-first-child panel-last-child\" data-index=\"12\" ><div class=\"panel-widget-style panel-widget-style-for-111-6-1-0\" ><div class=\"textwidget\"><p><span class=\"s2\">Vi utf\u00f6r en grovst\u00e4dning av arbetsplatsen.<\/span><\/p>\n<\/div><\/div><\/div><\/div><div id=\"pgc-111-6-2\"  class=\"panel-grid-cell panel-grid-cell-empty\" ><\/div><\/div><\/div><div id=\"pg-111-7\"  class=\"panel-grid panel-has-style\" ><div class=\"siteorigin-panels-stretch panel-row-style panel-row-style-for-111-7\" style=\"padding-top: 20px; padding-bottom: 20px; \" data-stretch-type=\"full\" ><div id=\"pgc-111-7-0\"  class=\"panel-grid-cell\" ><div id=\"panel-111-7-0-0\" class=\"so-panel widget widget_black-studio-tinymce widget_black_studio_tinymce panel-first-child panel-last-child\" data-index=\"13\" ><div class=\"panel-widget-style panel-widget-style-for-111-7-0-0\" ><div class=\"textwidget\"><h1 style=\"text-align: center;\">7<\/h1>\n<\/div><\/div><\/div><\/div><div id=\"pgc-111-7-1\"  class=\"panel-grid-cell panel-grid-cell-mobile-last\" ><div id=\"panel-111-7-1-0\" class=\"so-panel widget widget_black-studio-tinymce widget_black_studio_tinymce panel-first-child panel-last-child\" data-index=\"14\" ><div class=\"panel-widget-style panel-widget-style-for-111-7-1-0\" ><div class=\"textwidget\"><p><span class=\"s2\">N\u00e4r takoml\u00e4ggningen \u00e4r f\u00e4rdigst\u00e4lld g\u00f6rs en slutbesiktning och godk\u00e4nnande av dig som kund.<\/span><\/p>\n<\/div><\/div><\/div><\/div><div id=\"pgc-111-7-2\"  class=\"panel-grid-cell panel-grid-cell-empty\" ><\/div><\/div><\/div><div id=\"pg-111-8\"  class=\"panel-grid panel-has-style\" ><div class=\"siteorigin-panels-stretch panel-row-style panel-row-style-for-111-8\" style=\"padding-top: 20px; padding-bottom: 100px; \" data-stretch-type=\"full\" ><div id=\"pgc-111-8-0\"  class=\"panel-grid-cell\" ><div id=\"panel-111-8-0-0\" class=\"so-panel widget widget_black-studio-tinymce widget_black_studio_tinymce panel-first-child panel-last-child\" data-index=\"15\" ><div class=\"panel-widget-style panel-widget-style-for-111-8-0-0\" ><div class=\"textwidget\"><h1 style=\"text-align: center;\">8<\/h1>\n<\/div><\/div><\/div><\/div><div id=\"pgc-111-8-1\"  class=\"panel-grid-cell panel-grid-cell-mobile-last\" ><div id=\"panel-111-8-1-0\" class=\"so-panel widget widget_black-studio-tinymce widget_black_studio_tinymce panel-first-child panel-last-child\" data-index=\"16\" ><div class=\"panel-widget-style panel-widget-style-for-111-8-1-0\" ><div class=\"textwidget\"><p style=\"text-align: left;\">Vi erbjuder 10 \u00e5rs garanti p\u00e5 v\u00e5rt arbete samt material. Du f\u00e5r sedan en faktura hemskickad och efter betalning \u00e4r hela arbetet slutf\u00f6rt.<\/p>\n<\/div><\/div><\/div><\/div><div id=\"pgc-111-8-2\"  class=\"panel-grid-cell panel-grid-cell-empty\" ><\/div><\/div><\/div><\/div>","protected":false},"excerpt":{"rendered":"<p>ARBETSPROCESS 1 Ni kontaktar oss genom telefon\/mail och vi bokar ett m\u00f6te f\u00f6r en inspektion av ert tak. Sj\u00e4lvklart kostnadsfritt!<\/p>\n","protected":false},"author":1,"featured_media":0,"parent":0,"menu_order":0,"comment_status":"closed","ping_status":"closed","template":"","meta":{"footnotes":""},"_links":{"self":[{"href":"https:\/\/leinarpataket.se\/index.php?rest_route=\/wp\/v2\/pages\/111"}],"collection":[{"href":"https:\/\/leinarpataket.se\/index.php?rest_route=\/wp\/v2\/pages"}],"about":[{"href":"https:\/\/leinarpataket.se\/index.php?rest_route=\/wp\/v2\/types\/page"}],"author":[{"embeddable":true,"href":"https:\/\/leinarpataket.se\/index.php?rest_route=\/wp\/v2\/users\/1"}],"replies":[{"embeddable":true,"href":"https:\/\/leinarpataket.se\/index.php?rest_route=%2Fwp%2Fv2%2Fcomments&post=111"}],"version-history":[{"count":34,"href":"https:\/\/leinarpataket.se\/index.php?rest_route=\/wp\/v2\/pages\/111\/revisions"}],"predecessor-version":[{"id":363,"href":"https:\/\/leinarpataket.se\/index.php?rest_route=\/wp\/v2\/pages\/111\/revisions\/363"}],"wp:attachment":[{"href":"https:\/\/leinarpataket.se\/index.php?rest_route=%2Fwp%2Fv2%2Fmedia&parent=111"}],"curies":[{"name":"wp","href":"https:\/\/api.w.org\/{rel}","templated":true}]}}