{"id":11,"date":"2016-08-23T13:36:46","date_gmt":"2016-08-23T13:36:46","guid":{"rendered":"http:\/\/www.wp.xn--leinarptaket-zcb.se\/?page_id=11"},"modified":"2025-05-07T08:05:56","modified_gmt":"2025-05-07T08:05:56","slug":"hem","status":"publish","type":"page","link":"https:\/\/leinarpataket.se\/","title":{"rendered":"Hem"},"content":{"rendered":"<div id=\"pl-11\"  class=\"panel-layout\" ><div id=\"pg-11-0\"  class=\"panel-grid panel-has-style\" ><div class=\"siteorigin-panels-stretch panel-row-style panel-row-style-for-11-0\" style=\"background-image: url(340);background-size: cover;\" data-stretch-type=\"full\" ><div id=\"pgc-11-0-0\"  class=\"panel-grid-cell\" ><div id=\"panel-11-0-0-0\" class=\"so-panel widget widget_rev-slider-widget widget_revslider panel-first-child panel-last-child\" data-index=\"0\" ><\/div><\/div><\/div><\/div><div id=\"pg-11-1\"  class=\"panel-grid panel-has-style\" ><div class=\"siteorigin-panels-stretch panel-row-style panel-row-style-for-11-1\" style=\"padding-top: 50px; padding-bottom: 70px; \" data-stretch-type=\"full\" ><div id=\"pgc-11-1-0\"  class=\"panel-grid-cell\" ><div id=\"panel-11-1-0-0\" class=\"so-panel widget widget_black-studio-tinymce widget_black_studio_tinymce panel-first-child\" data-index=\"1\" ><div class=\"panel-widget-style panel-widget-style-for-11-1-0-0\" ><div class=\"textwidget\"><div class=\"BlackGray\">\n<h1 style=\"text-align: center;\">V\u00c4LKOMMEN TILL <br \/> <span style=\"font-weight: bold;\">LEINAR P\u00c5 TAKET AB!<\/span><\/h1>\n<\/div>\n<\/div><\/div><\/div><div id=\"panel-11-1-0-1\" class=\"so-panel widget widget_black-studio-tinymce widget_black_studio_tinymce panel-last-child\" data-index=\"2\" ><div class=\"panel-widget-style panel-widget-style-for-11-1-0-1\" ><div class=\"textwidget\"><p><span class=\"main-text\"; style=\"font-weight: 300; font-size: 1.2em; line-height: 1.5em; \">Vi \u00e4r f\u00f6retaget som erbjuder kompletta takoml\u00e4ggningar i hela G\u00f6teborg med omnejd. Vi \u00e4r specialiserade inom just takl\u00e4ggning, vilket g\u00f6r att vi kan erbjuda dig den spetskompetens som kr\u00e4vs f\u00f6r att garantera ett s\u00e4kert och t\u00e5ligt tak som h\u00e5ller i m\u00e5nga \u00e5r fram\u00f6ver. Vi str\u00e4var alltid efter att vara b\u00e4st och m\u00e5let \u00e4r givetvis 100% kundn\u00f6jdhet!<\/span><\/p>\n<\/div><\/div><\/div><\/div><\/div><\/div><div id=\"pg-11-2\"  class=\"panel-grid panel-has-style\" ><div class=\"siteorigin-panels-stretch equal-column-height panel-row-style panel-row-style-for-11-2\" style=\"padding-top: 0px; padding-bottom: 0px; padding-left: 0px; padding-right: 0px; \" data-stretch-type=\"full-width-stretch\" ><div id=\"pgc-11-2-0\"  class=\"panel-grid-cell\" ><div id=\"panel-11-2-0-0\" class=\"so-panel widget widget_ttrust_spacer create-spacer panel-first-child panel-last-child\" data-index=\"3\" ><div class=\"panel-widget-style panel-widget-style-for-11-2-0-0\" >\t\t\t\t<div id=\"widget-2-0-0\" class=\"create-spacer\" style=\"height: 300px;\"><\/div>\n\t\t\t<\/div><\/div><\/div><div id=\"pgc-11-2-1\"  class=\"panel-grid-cell\" ><div id=\"panel-11-2-1-0\" class=\"so-panel widget widget_black-studio-tinymce widget_black_studio_tinymce panel-first-child\" data-index=\"4\" ><div class=\"panel-widget-style panel-widget-style-for-11-2-1-0\" ><div class=\"textwidget\"><div class=\"GrayBlack\">\n<h2 style=\"text-align: center;\">VARF\u00d6R OSS?<\/h2>\n<\/div>\n<p style=\"text-align: center;\">L\u00e5t oss ber\u00e4tta varf\u00f6r du ska v\u00e4lja just oss som din takleverant\u00f6r.<\/p>\n<\/div><\/div><\/div><div id=\"panel-11-2-1-1\" class=\"so-panel widget widget_sow-button panel-last-child\" data-index=\"5\" ><div class=\"panel-widget-style panel-widget-style-for-11-2-1-1\" ><div\n\t\t\t\n\t\t\tclass=\"so-widget-sow-button so-widget-sow-button-flat-71d9aa2fe746-11\"\n\t\t\t\n\t\t><div class=\"ow-button-base ow-button-align-center\">\n\t<a\n\thref=\"https:\/\/leinarpataket.se\/?page_id=7\"\n\t\tclass=\"ow-icon-placement-left ow-button-hover\" \t>\n\t\t<span>\n\t\t\t<span class=\"sow-icon-fontawesome sow-fas\" data-sow-icon=\"&#xf105;\"\n\t\tstyle=\"color: #262626\" \n\t\taria-hidden=\"true\"><\/span>\n\t\t\tL\u00c4S MER\t\t<\/span>\n\t<\/a>\n<\/div>\n<\/div><\/div><\/div><\/div><div id=\"pgc-11-2-2\"  class=\"panel-grid-cell\" ><div id=\"panel-11-2-2-0\" class=\"so-panel widget widget_ttrust_spacer create-spacer panel-first-child panel-last-child\" data-index=\"6\" ><div class=\"panel-widget-style panel-widget-style-for-11-2-2-0\" >\t\t\t\t<div id=\"widget-2-2-0\" class=\"create-spacer\" style=\"height: 300px;\"><\/div>\n\t\t\t<\/div><\/div><\/div><\/div><\/div><div id=\"pg-11-3\"  class=\"panel-grid panel-has-style\" ><div class=\"siteorigin-panels-stretch equal-column-height panel-row-style panel-row-style-for-11-3\" style=\"padding-top: 0px; padding-bottom: 0px; padding-left: 0px; padding-right: 0px; \" data-stretch-type=\"full-width-stretch\" ><div id=\"pgc-11-3-0\"  class=\"panel-grid-cell\" ><div id=\"panel-11-3-0-0\" class=\"so-panel widget widget_black-studio-tinymce widget_black_studio_tinymce panel-first-child\" data-index=\"7\" ><div class=\"panel-widget-style panel-widget-style-for-11-3-0-0\" ><div class=\"textwidget\"><h2 style=\"color: #ffbf31; text-align: center;\">OFFERT<\/h2>\n<p style=\"text-align: center;\"><span style=\"color: #ffbf31;\">Vad kostar din takoml\u00e4ggning? Boka en husbesiktning redan idag!<\/span><\/p>\n<\/div><\/div><\/div><div id=\"panel-11-3-0-1\" class=\"so-panel widget widget_sow-button panel-last-child\" data-index=\"8\" ><div class=\"panel-widget-style panel-widget-style-for-11-3-0-1\" ><div\n\t\t\t\n\t\t\tclass=\"so-widget-sow-button so-widget-sow-button-flat-ca34102913fd-11\"\n\t\t\t\n\t\t><div class=\"ow-button-base ow-button-align-center\">\n\t<a\n\thref=\"https:\/\/leinarpataket.se\/?page_id=14\"\n\t\tclass=\"ow-icon-placement-left ow-button-hover\" \t>\n\t\t<span>\n\t\t\t<span class=\"sow-icon-fontawesome sow-fas\" data-sow-icon=\"&#xf105;\"\n\t\tstyle=\"color: #ffbf31\" \n\t\taria-hidden=\"true\"><\/span>\n\t\t\tKLICKA F\u00d6R OFFERT\t\t<\/span>\n\t<\/a>\n<\/div>\n<\/div><\/div><\/div><\/div><div id=\"pgc-11-3-1\"  class=\"panel-grid-cell\" ><div id=\"panel-11-3-1-0\" class=\"so-panel widget widget_ttrust_spacer create-spacer panel-first-child panel-last-child\" data-index=\"9\" ><div class=\"panel-widget-style panel-widget-style-for-11-3-1-0\" >\t\t\t\t<div id=\"widget-3-1-0\" class=\"create-spacer\" style=\"height: 300px;\"><\/div>\n\t\t\t<\/div><\/div><\/div><div id=\"pgc-11-3-2\"  class=\"panel-grid-cell\" ><div id=\"panel-11-3-2-0\" class=\"so-panel widget widget_black-studio-tinymce widget_black_studio_tinymce panel-first-child\" data-index=\"10\" ><div class=\"panel-widget-style panel-widget-style-for-11-3-2-0\" ><div class=\"textwidget\"><h2 style=\"text-align: center;\">REFERENSER<\/h2>\n<p style=\"text-align: center;\">H\u00e4r kan du se ett axplock av det vi gjort tidigare.<\/p>\n<\/div><\/div><\/div><div id=\"panel-11-3-2-1\" class=\"so-panel widget widget_sow-button panel-last-child\" data-index=\"11\" ><div class=\"panel-widget-style panel-widget-style-for-11-3-2-1\" ><div\n\t\t\t\n\t\t\tclass=\"so-widget-sow-button so-widget-sow-button-flat-1b3f7f450b69-11\"\n\t\t\t\n\t\t><div class=\"ow-button-base ow-button-align-center\">\n\t<a\n\thref=\"https:\/\/leinarpataket.se\/?page_id=74\"\n\t\tclass=\"ow-icon-placement-left ow-button-hover\" \t>\n\t\t<span>\n\t\t\t<span class=\"sow-icon-fontawesome sow-fas\" data-sow-icon=\"&#xf105;\"\n\t\tstyle=\"color: #ffbf31\" \n\t\taria-hidden=\"true\"><\/span>\n\t\t\tTILL REFERENSERNA\t\t<\/span>\n\t<\/a>\n<\/div>\n<\/div><\/div><\/div><\/div><\/div><\/div><div id=\"pg-11-4\"  class=\"panel-grid panel-has-style\" ><div class=\"siteorigin-panels-stretch panel-row-style panel-row-style-for-11-4\" data-stretch-type=\"full-width-stretch\" ><div id=\"pgc-11-4-0\"  class=\"panel-grid-cell\" ><div id=\"panel-11-4-0-0\" class=\"so-panel widget widget_sow-headline panel-first-child\" data-index=\"12\" ><div class=\"panel-widget-style panel-widget-style-for-11-4-0-0\" ><div\n\t\t\t\n\t\t\tclass=\"so-widget-sow-headline so-widget-sow-headline-default-d5c5454ce647-11\"\n\t\t\t\n\t\t><div class=\"sow-headline-container \">\n\t\t\t\t\t\t\t<h4 class=\"sow-headline\">\n\t\t\t\t\t\tSAMMARBETSPARTNERS\t\t\t\t\t\t<\/h4>\n\t\t\t\t\t\t<\/div>\n<\/div><\/div><\/div><div id=\"panel-11-4-0-1\" class=\"so-panel widget widget_sow-image\" data-index=\"13\" ><div class=\"no-mobile panel-widget-style panel-widget-style-for-11-4-0-1\" ><div\n\t\t\t\n\t\t\tclass=\"so-widget-sow-image so-widget-sow-image-default-c67d20f9f743-11\"\n\t\t\t\n\t\t>\n\n<div class=\"sow-image-container\">\n\t\t<img loading=\"lazy\" decoding=\"async\" src=\"https:\/\/leinarpataket.se\/wp-content\/uploads\/2016\/08\/sammarbete-1.jpg\" width=\"1473\" height=\"101\" srcset=\"https:\/\/leinarpataket.se\/wp-content\/uploads\/2016\/08\/sammarbete-1.jpg 1473w, https:\/\/leinarpataket.se\/wp-content\/uploads\/2016\/08\/sammarbete-1-300x21.jpg 300w, https:\/\/leinarpataket.se\/wp-content\/uploads\/2016\/08\/sammarbete-1-768x53.jpg 768w, https:\/\/leinarpataket.se\/wp-content\/uploads\/2016\/08\/sammarbete-1-1024x70.jpg 1024w\" sizes=\"(max-width: 1473px) 100vw, 1473px\" title=\"sammarbete\" alt=\"\" \t\tclass=\"so-widget-image\"\/>\n\t<\/div>\n\n<\/div><\/div><\/div><div id=\"panel-11-4-0-2\" class=\"so-panel widget widget_sow-image panel-last-child\" data-index=\"14\" ><div class=\"only-mobile panel-widget-style panel-widget-style-for-11-4-0-2\" ><div\n\t\t\t\n\t\t\tclass=\"so-widget-sow-image so-widget-sow-image-default-c67d20f9f743-11\"\n\t\t\t\n\t\t>\n\n<div class=\"sow-image-container\">\n\t\t<img loading=\"lazy\" decoding=\"async\" src=\"https:\/\/leinarpataket.se\/wp-content\/uploads\/2016\/08\/sammarbete-mobile.jpg\" width=\"534\" height=\"162\" srcset=\"https:\/\/leinarpataket.se\/wp-content\/uploads\/2016\/08\/sammarbete-mobile.jpg 534w, https:\/\/leinarpataket.se\/wp-content\/uploads\/2016\/08\/sammarbete-mobile-300x91.jpg 300w\" sizes=\"(max-width: 534px) 100vw, 534px\" alt=\"\" \t\tclass=\"so-widget-image\"\/>\n\t<\/div>\n\n<\/div><\/div><\/div><\/div><\/div><\/div><\/div>","protected":false},"excerpt":{"rendered":"<p>V\u00c4LKOMMEN TILL LEINAR P\u00c5 TAKET AB! Vi \u00e4r f\u00f6retaget som erbjuder kompletta takoml\u00e4ggningar i hela G\u00f6teborg med omnejd. Vi \u00e4r specialiserade inom just takl\u00e4ggning, vilket g\u00f6r att vi kan erbjuda dig den spetskompetens som kr\u00e4vs f\u00f6r att garantera ett s\u00e4kert och t\u00e5ligt tak som h\u00e5ller i m\u00e5nga \u00e5r fram\u00f6ver. Vi str\u00e4var alltid efter att vara &hellip; <a href=\"https:\/\/leinarpataket.se\/\" title=\"Hem\" class=\"read-more\">Read More<\/a><\/p>\n","protected":false},"author":1,"featured_media":0,"parent":0,"menu_order":0,"comment_status":"closed","ping_status":"closed","template":"","meta":{"footnotes":""},"_links":{"self":[{"href":"https:\/\/leinarpataket.se\/index.php?rest_route=\/wp\/v2\/pages\/11"}],"collection":[{"href":"https:\/\/leinarpataket.se\/index.php?rest_route=\/wp\/v2\/pages"}],"about":[{"href":"https:\/\/leinarpataket.se\/index.php?rest_route=\/wp\/v2\/types\/page"}],"author":[{"embeddable":true,"href":"https:\/\/leinarpataket.se\/index.php?rest_route=\/wp\/v2\/users\/1"}],"replies":[{"embeddable":true,"href":"https:\/\/leinarpataket.se\/index.php?rest_route=%2Fwp%2Fv2%2Fcomments&post=11"}],"version-history":[{"count":58,"href":"https:\/\/leinarpataket.se\/index.php?rest_route=\/wp\/v2\/pages\/11\/revisions"}],"predecessor-version":[{"id":431,"href":"https:\/\/leinarpataket.se\/index.php?rest_route=\/wp\/v2\/pages\/11\/revisions\/431"}],"wp:attachment":[{"href":"https:\/\/leinarpataket.se\/index.php?rest_route=%2Fwp%2Fv2%2Fmedia&parent=11"}],"curies":[{"name":"wp","href":"https:\/\/api.w.org\/{rel}","templated":true}]}}